{"id":8,"date":"2025-02-09T03:21:03","date_gmt":"2025-02-09T03:21:03","guid":{"rendered":"https:\/\/proyectos.loscalvos.cl\/index.php\/front_page\/"},"modified":"2025-02-09T22:36:57","modified_gmt":"2025-02-09T22:36:57","slug":"front_page","status":"publish","type":"page","link":"https:\/\/proyectos.loscalvos.cl\/","title":{"rendered":"Inicio"},"content":{"rendered":"\n\n\n\n\n\n<strong>Servicio 360\u00b0<\/strong>&nbsp;y de Calidad\n\n\n\n\n\n\n\n<strong>Personal altamente calificado<\/strong>\n\n\n\n\n\n\n\n<strong>Ubicaci\u00f3n Unica<\/strong>\n\n\n\n\n\n\n\n\n\n\n\n<span style=\"color:rgba(var(--kubio-color-5),1)\" class=\"kubio-has-inline-color\">\u00ab<strong><span style=\"font-weight: 500\" class=\"kubio-has-inline-font-family-weight\">Eventos de calidad, con amplios estacionamientos y a minutos de tu casa o trabajo\u00bb<\/span><\/strong><\/span>\n\n\n\n<span style=\"color:rgba(var(--kubio-color-5),1)\" class=\"kubio-has-inline-color\">No Cruces Santiago para pasarla bien; ven a SalaMundo<\/span>\n\n\n\n\n\n\n\n\n\nServicios\n\n\n\n\nM\u00e1s Informaci\u00f3n\n\n\n\n\n\n\n<span style=\"font-family: Baloo Bhaijaan;font-weight: 400\" class=\"kubio-has-inline-font-family-weight\"><span style=\"color:rgba(var(--kubio-color-5),1)\" class=\"kubio-has-inline-color\">\u00bfQu\u00e9 tipo de evento est\u00e1s planeando? \u00a0En nuestras instalaciones y con nuestro apoyo; te entregaremos las recomendaciones m\u00e1s espec\u00edficas sobre lo que necesitas, para tener \u00e9xito en tus eventos:<br>Eventos corporativos, Conferencias, Congresos; Bodas; coordinaci\u00f3n del evento.<br>Eventos sociales; Fiestas de cumplea\u00f1os, aniversarios;  graduaciones, etc.<\/span><\/span><span style=\"color:rgba(var(--kubio-color-5),1)\" class=\"kubio-has-inline-color\"><strong><span style=\"font-family: Open Sans;font-weight: 300\" class=\"kubio-has-inline-font-family-weight\"><br><\/span><\/strong><\/span>\n\n\n\n\n\n\n\n\n\n\n\n\n\nEVENTOS\n\n\n\nCONOCE TODO LO QUE SE VIENE\n\n\n\n\n\n\n\n\n\n\n\nDOBLE DE MICHAEL\n\n\n\n\nRead more\n\n\n\n\n\n\n\n\n\n\n\n\nBSB ALL NIGHT\n\n\n\n\nRead more\n\n\n\n\n\n\n\n\n\n\n\n\nDIA DEL NI\u00d1O 2024\n\n\n\n\nRead more\n\n\n\n\n\n\n\n\n\n\n\n\nVideo Clip Karen Paola\n\n\n\n\nRead more\n\n\n\n\n\n\n\n\n\n\n\n\n<span style=\"color:rgba(var(--kubio-color-1-variant-5),1)\" class=\"kubio-has-inline-color\">Nuestro Equipo<\/span>\n\n\n\n<span style=\"font-family: Baloo Bhaijaan;font-weight: 400\" class=\"kubio-has-inline-font-family-weight\"><span style=\"color:rgba(var(--kubio-color-5),1)\" class=\"kubio-has-inline-color\">En cada area contamos con personal con a\u00f1os de trayectoria; preocupandonos de cada detalle para hacer de tu evento algo unico.<\/span><\/span>\n\n\n\n\n\n\n\n\n\n\n\n\n\n\n\n<span style=\"font-weight: 400\" class=\"kubio-has-inline-font-family-weight\">Conversemos<\/span>\n\n\n\nCotiza con nosotros y ve la diferencia\n\n\n\n\n\n\n\n\n\nEmail\n\n\n\ncontacto@salamundo.cl\n\n\n\n\n\n\n\n\n\n\n\nDirecci\u00f3n\n\n\n\nSimon Bolivar 2920 &#8211; \u00d1u\u00f1oa, Santiago, Chile\n\n\n\n\n\n\n\n\n\n","protected":false},"excerpt":{"rendered":"","protected":false},"author":1,"featured_media":45,"parent":0,"menu_order":0,"comment_status":"closed","ping_status":"closed","template":"","meta":{"site-sidebar-layout":"default","site-content-layout":"","ast-site-content-layout":"","site-content-style":"default","site-sidebar-style":"default","ast-global-header-display":"","ast-banner-title-visibility":"","ast-main-header-display":"","ast-hfb-above-header-display":"","ast-hfb-below-header-display":"","ast-hfb-mobile-header-display":"","site-post-title":"","ast-breadcrumbs-content":"","ast-featured-img":"","footer-sml-layout":"","theme-transparent-header-meta":"","adv-header-id-meta":"","stick-header-meta":"","header-above-stick-meta":"","header-main-stick-meta":"","header-below-stick-meta":"","astra-migrate-meta-layouts":"default","ast-page-background-enabled":"default","ast-page-background-meta":{"desktop":{"background-color":"var(--ast-global-color-5)","background-image":"","background-repeat":"repeat","background-position":"center center","background-size":"auto","background-attachment":"scroll","background-type":"","background-media":"","overlay-type":"","overlay-color":"","overlay-opacity":"","overlay-gradient":""},"tablet":{"background-color":"","background-image":"","background-repeat":"repeat","background-position":"center center","background-size":"auto","background-attachment":"scroll","background-type":"","background-media":"","overlay-type":"","overlay-color":"","overlay-opacity":"","overlay-gradient":""},"mobile":{"background-color":"","background-image":"","background-repeat":"repeat","background-position":"center center","background-size":"auto","background-attachment":"scroll","background-type":"","background-media":"","overlay-type":"","overlay-color":"","overlay-opacity":"","overlay-gradient":""}},"ast-content-background-meta":{"desktop":{"background-color":"var(--ast-global-color-4)","background-image":"","background-repeat":"repeat","background-position":"center center","background-size":"auto","background-attachment":"scroll","background-type":"","background-media":"","overlay-type":"","overlay-color":"","overlay-opacity":"","overlay-gradient":""},"tablet":{"background-color":"var(--ast-global-color-4)","background-image":"","background-repeat":"repeat","background-position":"center center","background-size":"auto","background-attachment":"scroll","background-type":"","background-media":"","overlay-type":"","overlay-color":"","overlay-opacity":"","overlay-gradient":""},"mobile":{"background-color":"var(--ast-global-color-4)","background-image":"","background-repeat":"repeat","background-position":"center center","background-size":"auto","background-attachment":"scroll","background-type":"","background-media":"","overlay-type":"","overlay-color":"","overlay-opacity":"","overlay-gradient":""}},"footnotes":""},"class_list":["post-8","page","type-page","status-publish","has-post-thumbnail","hentry"],"_links":{"self":[{"href":"https:\/\/proyectos.loscalvos.cl\/index.php\/wp-json\/wp\/v2\/pages\/8","targetHints":{"allow":["GET"]}}],"collection":[{"href":"https:\/\/proyectos.loscalvos.cl\/index.php\/wp-json\/wp\/v2\/pages"}],"about":[{"href":"https:\/\/proyectos.loscalvos.cl\/index.php\/wp-json\/wp\/v2\/types\/page"}],"author":[{"embeddable":true,"href":"https:\/\/proyectos.loscalvos.cl\/index.php\/wp-json\/wp\/v2\/users\/1"}],"replies":[{"embeddable":true,"href":"https:\/\/proyectos.loscalvos.cl\/index.php\/wp-json\/wp\/v2\/comments?post=8"}],"version-history":[{"count":5,"href":"https:\/\/proyectos.loscalvos.cl\/index.php\/wp-json\/wp\/v2\/pages\/8\/revisions"}],"predecessor-version":[{"id":123,"href":"https:\/\/proyectos.loscalvos.cl\/index.php\/wp-json\/wp\/v2\/pages\/8\/revisions\/123"}],"wp:featuredmedia":[{"embeddable":true,"href":"https:\/\/proyectos.loscalvos.cl\/index.php\/wp-json\/wp\/v2\/media\/45"}],"wp:attachment":[{"href":"https:\/\/proyectos.loscalvos.cl\/index.php\/wp-json\/wp\/v2\/media?parent=8"}],"curies":[{"name":"wp","href":"https:\/\/api.w.org\/{rel}","templated":true}]}}